{"id":1246,"date":"2025-12-05T14:21:58","date_gmt":"2025-12-05T14:21:58","guid":{"rendered":"https:\/\/telmoduarte.slideshow.com.pt\/?post_type=product&#038;p=1246"},"modified":"2026-03-25T15:27:16","modified_gmt":"2026-03-25T15:27:16","slug":"infinity-black","status":"publish","type":"product","link":"https:\/\/telmoduarte.slideshow.com.pt\/en\/produtos\/pedras-naturais\/calcario\/calcarios-tons-escuros\/infinity-black\/","title":{"rendered":"Infinity Black"},"content":{"rendered":"<p class=\"p1\">Calc\u00e1rio com caracter\u00edsticas \u00edmpares dado a sua durabilidade e versatilidade &#8211; de elevada densidade, com baixa absor\u00e7\u00e3o, grande resist\u00eancia ao desgaste e, em alguns casos, at\u00e9 mesmo ao gelo. Numa escala de cores cinzento escuro a preto e pigmenta\u00e7\u00e3o esbranqui\u00e7ada pontual. Independentemente da sua aplica\u00e7\u00e3o e acabamento, confere um efeito cl\u00e1ssico e vanguardista. De extra\u00e7\u00e3o pr\u00f3pria no Reino Unido, ganha especial \u00eanfase em fachadas exteriores, pavimentos e interiores.<\/p>","protected":false},"excerpt":{"rendered":"<p>Calc\u00e1rio com caracter\u00edsticas \u00edmpares dado a sua durabilidade e versatilidade &#8211; de elevada densidade, com baixa absor\u00e7\u00e3o, grande resist\u00eancia ao desgaste e, em alguns casos, at\u00e9 mesmo ao gelo. Numa escala de cores cinzento escuro a preto e pigmenta\u00e7\u00e3o esbranqui\u00e7ada pontual. Independentemente da sua aplica\u00e7\u00e3o e acabamento, confere um efeito cl\u00e1ssico e vanguardista. De extra\u00e7\u00e3o [&hellip;]<\/p>\n","protected":false},"featured_media":1423,"template":"","meta":{"_acf_changed":false,"inline_featured_image":false},"product_brand":[],"product_cat":[28,44,36],"product_tag":[39],"class_list":{"0":"post-1246","1":"product","2":"type-product","3":"status-publish","4":"has-post-thumbnail","6":"product_cat-calcario","7":"product_cat-calcarios-tons-escuros","8":"product_cat-pedras-naturais","9":"product_tag-calcarios-tons-escuros","11":"first","12":"instock","13":"shipping-taxable","14":"product-type-simple"},"acf":[],"_links":{"self":[{"href":"https:\/\/telmoduarte.slideshow.com.pt\/en\/wp-json\/wp\/v2\/product\/1246","targetHints":{"allow":["GET"]}}],"collection":[{"href":"https:\/\/telmoduarte.slideshow.com.pt\/en\/wp-json\/wp\/v2\/product"}],"about":[{"href":"https:\/\/telmoduarte.slideshow.com.pt\/en\/wp-json\/wp\/v2\/types\/product"}],"wp:featuredmedia":[{"embeddable":true,"href":"https:\/\/telmoduarte.slideshow.com.pt\/en\/wp-json\/wp\/v2\/media\/1423"}],"wp:attachment":[{"href":"https:\/\/telmoduarte.slideshow.com.pt\/en\/wp-json\/wp\/v2\/media?parent=1246"}],"wp:term":[{"taxonomy":"product_brand","embeddable":true,"href":"https:\/\/telmoduarte.slideshow.com.pt\/en\/wp-json\/wp\/v2\/product_brand?post=1246"},{"taxonomy":"product_cat","embeddable":true,"href":"https:\/\/telmoduarte.slideshow.com.pt\/en\/wp-json\/wp\/v2\/product_cat?post=1246"},{"taxonomy":"product_tag","embeddable":true,"href":"https:\/\/telmoduarte.slideshow.com.pt\/en\/wp-json\/wp\/v2\/product_tag?post=1246"}],"curies":[{"name":"wp","href":"https:\/\/api.w.org\/{rel}","templated":true}]}}