{"id":1433,"date":"2025-12-15T17:42:39","date_gmt":"2025-12-15T17:42:39","guid":{"rendered":"https:\/\/telmoduarte.slideshow.com.pt\/?post_type=product&#038;p=1433"},"modified":"2026-03-25T15:22:18","modified_gmt":"2026-03-25T15:22:18","slug":"tiger-skin","status":"publish","type":"product","link":"https:\/\/telmoduarte.slideshow.com.pt\/en\/produtos\/pedras-naturais\/marmore\/marmores-tons-escuros\/tiger-skin\/","title":{"rendered":"Tiger Skin"},"content":{"rendered":"<p class=\"p1\">M\u00e1rmore portugu\u00eas de gr\u00e3o fino a m\u00e9dio de cor branca, com veios \u2018grafitados\u2019 escuros acinzentados. Com bastante procura um pouco por todo o mundo, caracteriza-se pela sua robustez. Quanto \u00e0 sua aplica\u00e7\u00e3o \u00e9 utilizado em projetos de fachadas, pavimentos internos e externos ou decora\u00e7\u00e3o de interiores como casas de banho e cozinhas. A aplica\u00e7\u00e3o em <i>book match <\/i>cria ambientes majestosos e deslumbrantes.<\/p>","protected":false},"excerpt":{"rendered":"<p>M\u00e1rmore portugu\u00eas de gr\u00e3o fino a m\u00e9dio de cor branca, com veios \u2018grafitados\u2019 escuros acinzentados. Com bastante procura um pouco por todo o mundo, caracteriza-se pela sua robustez. Quanto \u00e0 sua aplica\u00e7\u00e3o \u00e9 utilizado em projetos de fachadas, pavimentos internos e externos ou decora\u00e7\u00e3o de interiores como casas de banho e cozinhas. A aplica\u00e7\u00e3o em [&hellip;]<\/p>\n","protected":false},"featured_media":1434,"template":"","meta":{"_acf_changed":false,"inline_featured_image":false},"product_brand":[],"product_cat":[29,46,36],"product_tag":[41],"class_list":{"0":"post-1433","1":"product","2":"type-product","3":"status-publish","4":"has-post-thumbnail","6":"product_cat-marmore","7":"product_cat-marmores-tons-escuros","8":"product_cat-pedras-naturais","9":"product_tag-marmores-tons-escuros","11":"first","12":"instock","13":"shipping-taxable","14":"product-type-simple"},"acf":[],"_links":{"self":[{"href":"https:\/\/telmoduarte.slideshow.com.pt\/en\/wp-json\/wp\/v2\/product\/1433","targetHints":{"allow":["GET"]}}],"collection":[{"href":"https:\/\/telmoduarte.slideshow.com.pt\/en\/wp-json\/wp\/v2\/product"}],"about":[{"href":"https:\/\/telmoduarte.slideshow.com.pt\/en\/wp-json\/wp\/v2\/types\/product"}],"wp:featuredmedia":[{"embeddable":true,"href":"https:\/\/telmoduarte.slideshow.com.pt\/en\/wp-json\/wp\/v2\/media\/1434"}],"wp:attachment":[{"href":"https:\/\/telmoduarte.slideshow.com.pt\/en\/wp-json\/wp\/v2\/media?parent=1433"}],"wp:term":[{"taxonomy":"product_brand","embeddable":true,"href":"https:\/\/telmoduarte.slideshow.com.pt\/en\/wp-json\/wp\/v2\/product_brand?post=1433"},{"taxonomy":"product_cat","embeddable":true,"href":"https:\/\/telmoduarte.slideshow.com.pt\/en\/wp-json\/wp\/v2\/product_cat?post=1433"},{"taxonomy":"product_tag","embeddable":true,"href":"https:\/\/telmoduarte.slideshow.com.pt\/en\/wp-json\/wp\/v2\/product_tag?post=1433"}],"curies":[{"name":"wp","href":"https:\/\/api.w.org\/{rel}","templated":true}]}}