{"id":1435,"date":"2025-12-15T17:53:16","date_gmt":"2025-12-15T17:53:16","guid":{"rendered":"https:\/\/telmoduarte.slideshow.com.pt\/?post_type=product&#038;p=1435"},"modified":"2026-03-25T15:22:18","modified_gmt":"2026-03-25T15:22:18","slug":"ruivina","status":"publish","type":"product","link":"https:\/\/telmoduarte.slideshow.com.pt\/en\/produtos\/pedras-naturais\/marmore\/marmores-tons-escuros\/ruivina\/","title":{"rendered":"Ruivina"},"content":{"rendered":"<p class=\"p1\">M\u00e1rmore de gr\u00e3o m\u00e9dio a fino, de cor cinza escuro e laivos esbranqui\u00e7ados. Com origem na zona alentejana de Vila Vi\u00e7osa \u00e9 um dos m\u00e1rmores mais requisitados. Possui um vasto leque de aplica\u00e7\u00f5es quer em revestimentos ou elementos decorativos. A sua densidade e resist\u00eancia quando em compara\u00e7\u00e3o com outros m\u00e1rmores ganha evid\u00eancia em exteriores<\/p>","protected":false},"excerpt":{"rendered":"<p>M\u00e1rmore de gr\u00e3o m\u00e9dio a fino, de cor cinza escuro e laivos esbranqui\u00e7ados. Com origem na zona alentejana de Vila Vi\u00e7osa \u00e9 um dos m\u00e1rmores mais requisitados. Possui um vasto leque de aplica\u00e7\u00f5es quer em revestimentos ou elementos decorativos. A sua densidade e resist\u00eancia quando em compara\u00e7\u00e3o com outros m\u00e1rmores ganha evid\u00eancia em exteriores<\/p>","protected":false},"featured_media":1436,"template":"","meta":{"_acf_changed":false,"inline_featured_image":false},"product_brand":[],"product_cat":[29,46,36],"product_tag":[41],"class_list":{"0":"post-1435","1":"product","2":"type-product","3":"status-publish","4":"has-post-thumbnail","6":"product_cat-marmore","7":"product_cat-marmores-tons-escuros","8":"product_cat-pedras-naturais","9":"product_tag-marmores-tons-escuros","11":"first","12":"instock","13":"shipping-taxable","14":"product-type-simple"},"acf":[],"_links":{"self":[{"href":"https:\/\/telmoduarte.slideshow.com.pt\/en\/wp-json\/wp\/v2\/product\/1435","targetHints":{"allow":["GET"]}}],"collection":[{"href":"https:\/\/telmoduarte.slideshow.com.pt\/en\/wp-json\/wp\/v2\/product"}],"about":[{"href":"https:\/\/telmoduarte.slideshow.com.pt\/en\/wp-json\/wp\/v2\/types\/product"}],"wp:featuredmedia":[{"embeddable":true,"href":"https:\/\/telmoduarte.slideshow.com.pt\/en\/wp-json\/wp\/v2\/media\/1436"}],"wp:attachment":[{"href":"https:\/\/telmoduarte.slideshow.com.pt\/en\/wp-json\/wp\/v2\/media?parent=1435"}],"wp:term":[{"taxonomy":"product_brand","embeddable":true,"href":"https:\/\/telmoduarte.slideshow.com.pt\/en\/wp-json\/wp\/v2\/product_brand?post=1435"},{"taxonomy":"product_cat","embeddable":true,"href":"https:\/\/telmoduarte.slideshow.com.pt\/en\/wp-json\/wp\/v2\/product_cat?post=1435"},{"taxonomy":"product_tag","embeddable":true,"href":"https:\/\/telmoduarte.slideshow.com.pt\/en\/wp-json\/wp\/v2\/product_tag?post=1435"}],"curies":[{"name":"wp","href":"https:\/\/api.w.org\/{rel}","templated":true}]}}