{"id":1444,"date":"2025-12-15T18:04:10","date_gmt":"2025-12-15T18:04:10","guid":{"rendered":"https:\/\/telmoduarte.slideshow.com.pt\/?post_type=product&#038;p=1444"},"modified":"2026-03-25T15:22:18","modified_gmt":"2026-03-25T15:22:18","slug":"pietra-grey","status":"publish","type":"product","link":"https:\/\/telmoduarte.slideshow.com.pt\/en\/produtos\/pedras-naturais\/marmore\/marmores-tons-escuros\/pietra-grey\/","title":{"rendered":"Pietra Grey"},"content":{"rendered":"<p class=\"p1\">M\u00e1rmore de fundo castanho acinzentado, distingue-se pelos seus veios finos em branco e cinza escuro, que desenham padr\u00f5es elegantes e din\u00e2micos. Apresenta, por vezes, colora\u00e7\u00f5es pontuais em tons de caf\u00e9, conferindo-lhe um car\u00e1cter ainda mais distinto e sofisticado. Ideal para aplica\u00e7\u00f5es interiores \u2014 como pavimentos ou revestimentos \u2014 em projetos que procuram uma combina\u00e7\u00e3o entre sobriedade contempor\u00e2nea e requinte intemporal.<\/p>","protected":false},"excerpt":{"rendered":"<p>M\u00e1rmore de fundo castanho acinzentado, distingue-se pelos seus veios finos em branco e cinza escuro, que desenham padr\u00f5es elegantes e din\u00e2micos. Apresenta, por vezes, colora\u00e7\u00f5es pontuais em tons de caf\u00e9, conferindo-lhe um car\u00e1cter ainda mais distinto e sofisticado. Ideal para aplica\u00e7\u00f5es interiores \u2014 como pavimentos ou revestimentos \u2014 em projetos que procuram uma combina\u00e7\u00e3o entre [&hellip;]<\/p>\n","protected":false},"featured_media":1445,"template":"","meta":{"_acf_changed":false,"inline_featured_image":false},"product_brand":[],"product_cat":[29,46,36],"product_tag":[41],"class_list":{"0":"post-1444","1":"product","2":"type-product","3":"status-publish","4":"has-post-thumbnail","6":"product_cat-marmore","7":"product_cat-marmores-tons-escuros","8":"product_cat-pedras-naturais","9":"product_tag-marmores-tons-escuros","11":"first","12":"instock","13":"shipping-taxable","14":"product-type-simple"},"acf":[],"_links":{"self":[{"href":"https:\/\/telmoduarte.slideshow.com.pt\/en\/wp-json\/wp\/v2\/product\/1444","targetHints":{"allow":["GET"]}}],"collection":[{"href":"https:\/\/telmoduarte.slideshow.com.pt\/en\/wp-json\/wp\/v2\/product"}],"about":[{"href":"https:\/\/telmoduarte.slideshow.com.pt\/en\/wp-json\/wp\/v2\/types\/product"}],"wp:featuredmedia":[{"embeddable":true,"href":"https:\/\/telmoduarte.slideshow.com.pt\/en\/wp-json\/wp\/v2\/media\/1445"}],"wp:attachment":[{"href":"https:\/\/telmoduarte.slideshow.com.pt\/en\/wp-json\/wp\/v2\/media?parent=1444"}],"wp:term":[{"taxonomy":"product_brand","embeddable":true,"href":"https:\/\/telmoduarte.slideshow.com.pt\/en\/wp-json\/wp\/v2\/product_brand?post=1444"},{"taxonomy":"product_cat","embeddable":true,"href":"https:\/\/telmoduarte.slideshow.com.pt\/en\/wp-json\/wp\/v2\/product_cat?post=1444"},{"taxonomy":"product_tag","embeddable":true,"href":"https:\/\/telmoduarte.slideshow.com.pt\/en\/wp-json\/wp\/v2\/product_tag?post=1444"}],"curies":[{"name":"wp","href":"https:\/\/api.w.org\/{rel}","templated":true}]}}