{"id":1454,"date":"2025-12-16T10:07:33","date_gmt":"2025-12-16T10:07:33","guid":{"rendered":"https:\/\/telmoduarte.slideshow.com.pt\/?post_type=product&#038;p=1454"},"modified":"2026-03-25T15:22:17","modified_gmt":"2026-03-25T15:22:17","slug":"negro-marquina","status":"publish","type":"product","link":"https:\/\/telmoduarte.slideshow.com.pt\/en\/produtos\/pedras-naturais\/marmore\/marmores-tons-escuros\/negro-marquina\/","title":{"rendered":"Negro Marquina"},"content":{"rendered":"<p class=\"p1\">Eleg\u00e2ncia intemporal com uma presen\u00e7a marcante. O Negro Marquina distingue-se pelo fundo preto intenso, interrompido por veios brancos que desenham padr\u00f5es naturais \u00fanicos, conferindo-lhe uma est\u00e9tica sofisticada e luxuosa. De gr\u00e3o fino e textura compacta, \u00e9 uma escolha privilegiada para ambientes contempor\u00e2neos ou cl\u00e1ssicos que exigem um toque de distin\u00e7\u00e3o, tornam-no um dos m\u00e1rmores mais apreciados no design de interiores a n\u00edvel mundial.<\/p>","protected":false},"excerpt":{"rendered":"<p>Eleg\u00e2ncia intemporal com uma presen\u00e7a marcante. O Negro Marquina distingue-se pelo fundo preto intenso, interrompido por veios brancos que desenham padr\u00f5es naturais \u00fanicos, conferindo-lhe uma est\u00e9tica sofisticada e luxuosa. De gr\u00e3o fino e textura compacta, \u00e9 uma escolha privilegiada para ambientes contempor\u00e2neos ou cl\u00e1ssicos que exigem um toque de distin\u00e7\u00e3o, tornam-no um dos m\u00e1rmores mais [&hellip;]<\/p>\n","protected":false},"featured_media":1455,"template":"","meta":{"_acf_changed":false,"inline_featured_image":false},"product_brand":[],"product_cat":[29,46,36],"product_tag":[41],"class_list":{"0":"post-1454","1":"product","2":"type-product","3":"status-publish","4":"has-post-thumbnail","6":"product_cat-marmore","7":"product_cat-marmores-tons-escuros","8":"product_cat-pedras-naturais","9":"product_tag-marmores-tons-escuros","11":"first","12":"instock","13":"shipping-taxable","14":"product-type-simple"},"acf":[],"_links":{"self":[{"href":"https:\/\/telmoduarte.slideshow.com.pt\/en\/wp-json\/wp\/v2\/product\/1454","targetHints":{"allow":["GET"]}}],"collection":[{"href":"https:\/\/telmoduarte.slideshow.com.pt\/en\/wp-json\/wp\/v2\/product"}],"about":[{"href":"https:\/\/telmoduarte.slideshow.com.pt\/en\/wp-json\/wp\/v2\/types\/product"}],"wp:featuredmedia":[{"embeddable":true,"href":"https:\/\/telmoduarte.slideshow.com.pt\/en\/wp-json\/wp\/v2\/media\/1455"}],"wp:attachment":[{"href":"https:\/\/telmoduarte.slideshow.com.pt\/en\/wp-json\/wp\/v2\/media?parent=1454"}],"wp:term":[{"taxonomy":"product_brand","embeddable":true,"href":"https:\/\/telmoduarte.slideshow.com.pt\/en\/wp-json\/wp\/v2\/product_brand?post=1454"},{"taxonomy":"product_cat","embeddable":true,"href":"https:\/\/telmoduarte.slideshow.com.pt\/en\/wp-json\/wp\/v2\/product_cat?post=1454"},{"taxonomy":"product_tag","embeddable":true,"href":"https:\/\/telmoduarte.slideshow.com.pt\/en\/wp-json\/wp\/v2\/product_tag?post=1454"}],"curies":[{"name":"wp","href":"https:\/\/api.w.org\/{rel}","templated":true}]}}