{"id":1465,"date":"2025-12-16T10:30:35","date_gmt":"2025-12-16T10:30:35","guid":{"rendered":"https:\/\/telmoduarte.slideshow.com.pt\/?post_type=product&#038;p=1465"},"modified":"2026-03-25T15:22:17","modified_gmt":"2026-03-25T15:22:17","slug":"st-laurent-noir","status":"publish","type":"product","link":"https:\/\/telmoduarte.slideshow.com.pt\/en\/produtos\/pedras-naturais\/marmore\/marmores-tons-escuros\/st-laurent-noir\/","title":{"rendered":"St Laurent Noir"},"content":{"rendered":"<p class=\"p1\">M\u00e1rmore de colora\u00e7\u00e3o preta intensa com subtis varia\u00e7\u00f5es castanhas e elegantes veios dourados e brancos que lhe conferem um car\u00e1ter luxuoso e sofisticado. A sua profundidade crom\u00e1tica e brilho natural tornam-no uma escolha distinta para ambientes contempor\u00e2neos e requintados. De textura densa e estrutura compacta, \u00e9 frequentemente aplicado em interiores de destaque \u2014 tampos, ilhas de cozinha, casas de banho e revestimentos decorativos. A sua superf\u00edcie polida evidencia o contraste dos veios, enquanto acabamentos amaciados ou escovados real\u00e7am o seu lado mais org\u00e2nico e natural.<\/p>","protected":false},"excerpt":{"rendered":"<p>M\u00e1rmore de colora\u00e7\u00e3o preta intensa com subtis varia\u00e7\u00f5es castanhas e elegantes veios dourados e brancos que lhe conferem um car\u00e1ter luxuoso e sofisticado. A sua profundidade crom\u00e1tica e brilho natural tornam-no uma escolha distinta para ambientes contempor\u00e2neos e requintados. De textura densa e estrutura compacta, \u00e9 frequentemente aplicado em interiores de destaque \u2014 tampos, ilhas [&hellip;]<\/p>\n","protected":false},"featured_media":1466,"template":"","meta":{"_acf_changed":false,"inline_featured_image":false},"product_brand":[],"product_cat":[29,46,36],"product_tag":[41],"class_list":{"0":"post-1465","1":"product","2":"type-product","3":"status-publish","4":"has-post-thumbnail","6":"product_cat-marmore","7":"product_cat-marmores-tons-escuros","8":"product_cat-pedras-naturais","9":"product_tag-marmores-tons-escuros","11":"first","12":"instock","13":"shipping-taxable","14":"product-type-simple"},"acf":[],"_links":{"self":[{"href":"https:\/\/telmoduarte.slideshow.com.pt\/en\/wp-json\/wp\/v2\/product\/1465","targetHints":{"allow":["GET"]}}],"collection":[{"href":"https:\/\/telmoduarte.slideshow.com.pt\/en\/wp-json\/wp\/v2\/product"}],"about":[{"href":"https:\/\/telmoduarte.slideshow.com.pt\/en\/wp-json\/wp\/v2\/types\/product"}],"wp:featuredmedia":[{"embeddable":true,"href":"https:\/\/telmoduarte.slideshow.com.pt\/en\/wp-json\/wp\/v2\/media\/1466"}],"wp:attachment":[{"href":"https:\/\/telmoduarte.slideshow.com.pt\/en\/wp-json\/wp\/v2\/media?parent=1465"}],"wp:term":[{"taxonomy":"product_brand","embeddable":true,"href":"https:\/\/telmoduarte.slideshow.com.pt\/en\/wp-json\/wp\/v2\/product_brand?post=1465"},{"taxonomy":"product_cat","embeddable":true,"href":"https:\/\/telmoduarte.slideshow.com.pt\/en\/wp-json\/wp\/v2\/product_cat?post=1465"},{"taxonomy":"product_tag","embeddable":true,"href":"https:\/\/telmoduarte.slideshow.com.pt\/en\/wp-json\/wp\/v2\/product_tag?post=1465"}],"curies":[{"name":"wp","href":"https:\/\/api.w.org\/{rel}","templated":true}]}}