{"id":1468,"date":"2025-12-16T10:35:51","date_gmt":"2025-12-16T10:35:51","guid":{"rendered":"https:\/\/telmoduarte.slideshow.com.pt\/?post_type=product&#038;p=1468"},"modified":"2026-03-25T15:22:17","modified_gmt":"2026-03-25T15:22:17","slug":"sahara-noir","status":"publish","type":"product","link":"https:\/\/telmoduarte.slideshow.com.pt\/en\/produtos\/pedras-naturais\/marmore\/marmores-tons-escuros\/sahara-noir\/","title":{"rendered":"Sahara Noir"},"content":{"rendered":"<p class=\"p1\">M\u00e1rmore negro profundo exibe um contraste visual impressionante: veios delicadamente entrela\u00e7ados em tons dourados, brancos e castanhos que evocam as paisagens em movimento do deserto. Combina perfeitamente com ambientes que exigem presen\u00e7a e distin\u00e7\u00e3o, bancadas, paredes de destaque, revestimentos de ch\u00e3o ou lavat\u00f3rios, Transforma cada superf\u00edcie num ponto focal de luxo e modernidade.<\/p>","protected":false},"excerpt":{"rendered":"<p>M\u00e1rmore negro profundo exibe um contraste visual impressionante: veios delicadamente entrela\u00e7ados em tons dourados, brancos e castanhos que evocam as paisagens em movimento do deserto. Combina perfeitamente com ambientes que exigem presen\u00e7a e distin\u00e7\u00e3o, bancadas, paredes de destaque, revestimentos de ch\u00e3o ou lavat\u00f3rios, Transforma cada superf\u00edcie num ponto focal de luxo e modernidade.<\/p>","protected":false},"featured_media":1469,"template":"","meta":{"_acf_changed":false,"inline_featured_image":false},"product_brand":[],"product_cat":[29,46,36],"product_tag":[41],"class_list":{"0":"post-1468","1":"product","2":"type-product","3":"status-publish","4":"has-post-thumbnail","6":"product_cat-marmore","7":"product_cat-marmores-tons-escuros","8":"product_cat-pedras-naturais","9":"product_tag-marmores-tons-escuros","11":"first","12":"instock","13":"shipping-taxable","14":"product-type-simple"},"acf":[],"_links":{"self":[{"href":"https:\/\/telmoduarte.slideshow.com.pt\/en\/wp-json\/wp\/v2\/product\/1468","targetHints":{"allow":["GET"]}}],"collection":[{"href":"https:\/\/telmoduarte.slideshow.com.pt\/en\/wp-json\/wp\/v2\/product"}],"about":[{"href":"https:\/\/telmoduarte.slideshow.com.pt\/en\/wp-json\/wp\/v2\/types\/product"}],"wp:featuredmedia":[{"embeddable":true,"href":"https:\/\/telmoduarte.slideshow.com.pt\/en\/wp-json\/wp\/v2\/media\/1469"}],"wp:attachment":[{"href":"https:\/\/telmoduarte.slideshow.com.pt\/en\/wp-json\/wp\/v2\/media?parent=1468"}],"wp:term":[{"taxonomy":"product_brand","embeddable":true,"href":"https:\/\/telmoduarte.slideshow.com.pt\/en\/wp-json\/wp\/v2\/product_brand?post=1468"},{"taxonomy":"product_cat","embeddable":true,"href":"https:\/\/telmoduarte.slideshow.com.pt\/en\/wp-json\/wp\/v2\/product_cat?post=1468"},{"taxonomy":"product_tag","embeddable":true,"href":"https:\/\/telmoduarte.slideshow.com.pt\/en\/wp-json\/wp\/v2\/product_tag?post=1468"}],"curies":[{"name":"wp","href":"https:\/\/api.w.org\/{rel}","templated":true}]}}