{"id":1505,"date":"2025-12-16T12:08:36","date_gmt":"2025-12-16T12:08:36","guid":{"rendered":"https:\/\/telmoduarte.slideshow.com.pt\/?post_type=product&#038;p=1505"},"modified":"2026-03-25T15:27:16","modified_gmt":"2026-03-25T15:27:16","slug":"ataija-blue","status":"publish","type":"product","link":"https:\/\/telmoduarte.slideshow.com.pt\/en\/produtos\/pedras-naturais\/calcario\/calcarios-tons-escuros\/ataija-blue\/","title":{"rendered":"Ata\u00edja Blue"},"content":{"rendered":"<p class=\"p1\">Extra\u00eddo da Zona da Ata\u00edja de origem portuguesa, \u00e9 reconhecido pela sua dureza e constitui\u00e7\u00e3o. Esta caracter\u00edstica a par com a sua densidade torna-o perfeito para espa\u00e7os de elevado desgaste. Dos poucos calc\u00e1rios que permite o acabamento flamejado, aliado \u00e0 sua nobre colora\u00e7\u00e3o faz com que esteja sempre no \u00faltimo grito no que toca a design arquitet\u00f3nico, de pavimentos e revestimentos a design de interiores. A escala de cores pode ir de um cinza azulado at\u00e9 a um bege.<\/p>","protected":false},"excerpt":{"rendered":"<p>Extra\u00eddo da Zona da Ata\u00edja de origem portuguesa, \u00e9 reconhecido pela sua dureza e constitui\u00e7\u00e3o. Esta caracter\u00edstica a par com a sua densidade torna-o perfeito para espa\u00e7os de elevado desgaste. Dos poucos calc\u00e1rios que permite o acabamento flamejado, aliado \u00e0 sua nobre colora\u00e7\u00e3o faz com que esteja sempre no \u00faltimo grito no que toca a [&hellip;]<\/p>\n","protected":false},"featured_media":1506,"template":"","meta":{"_acf_changed":false,"inline_featured_image":false},"product_brand":[],"product_cat":[28,44,36],"product_tag":[39],"class_list":{"0":"post-1505","1":"product","2":"type-product","3":"status-publish","4":"has-post-thumbnail","6":"product_cat-calcario","7":"product_cat-calcarios-tons-escuros","8":"product_cat-pedras-naturais","9":"product_tag-calcarios-tons-escuros","11":"first","12":"instock","13":"shipping-taxable","14":"product-type-simple"},"acf":[],"_links":{"self":[{"href":"https:\/\/telmoduarte.slideshow.com.pt\/en\/wp-json\/wp\/v2\/product\/1505","targetHints":{"allow":["GET"]}}],"collection":[{"href":"https:\/\/telmoduarte.slideshow.com.pt\/en\/wp-json\/wp\/v2\/product"}],"about":[{"href":"https:\/\/telmoduarte.slideshow.com.pt\/en\/wp-json\/wp\/v2\/types\/product"}],"wp:featuredmedia":[{"embeddable":true,"href":"https:\/\/telmoduarte.slideshow.com.pt\/en\/wp-json\/wp\/v2\/media\/1506"}],"wp:attachment":[{"href":"https:\/\/telmoduarte.slideshow.com.pt\/en\/wp-json\/wp\/v2\/media?parent=1505"}],"wp:term":[{"taxonomy":"product_brand","embeddable":true,"href":"https:\/\/telmoduarte.slideshow.com.pt\/en\/wp-json\/wp\/v2\/product_brand?post=1505"},{"taxonomy":"product_cat","embeddable":true,"href":"https:\/\/telmoduarte.slideshow.com.pt\/en\/wp-json\/wp\/v2\/product_cat?post=1505"},{"taxonomy":"product_tag","embeddable":true,"href":"https:\/\/telmoduarte.slideshow.com.pt\/en\/wp-json\/wp\/v2\/product_tag?post=1505"}],"curies":[{"name":"wp","href":"https:\/\/api.w.org\/{rel}","templated":true}]}}