{"id":1519,"date":"2025-12-16T12:27:24","date_gmt":"2025-12-16T12:27:24","guid":{"rendered":"https:\/\/telmoduarte.slideshow.com.pt\/?post_type=product&#038;p=1519"},"modified":"2026-03-25T15:27:16","modified_gmt":"2026-03-25T15:27:16","slug":"bronzetto","status":"publish","type":"product","link":"https:\/\/telmoduarte.slideshow.com.pt\/en\/produtos\/pedras-naturais\/calcario\/calcarios-tons-escuros\/bronzetto\/","title":{"rendered":"Bronzetto"},"content":{"rendered":"<p class=\"p1\">Com uma composi\u00e7\u00e3o rica em tons cinzas, pontuada por subtis nuances esverdeadas e manchas mais claras em tons acastanhados. O Bronzetto destaca-se pela sua naturalidade e autenticidade visual. Cada superf\u00edcie revela um padr\u00e3o org\u00e2nico e irrepet\u00edvel, proporcionando um equil\u00edbrio harmonioso entre cor, textura e car\u00e1cter. A escolha certa para projetos que valorizam o detalhe, a durabilidade e a beleza intemporal da pedra natural. Acabamentos como o areado escovado e o flamejado enaltecem as suas caracter\u00edsticas.<\/p>","protected":false},"excerpt":{"rendered":"<p>Com uma composi\u00e7\u00e3o rica em tons cinzas, pontuada por subtis nuances esverdeadas e manchas mais claras em tons acastanhados. O Bronzetto destaca-se pela sua naturalidade e autenticidade visual. Cada superf\u00edcie revela um padr\u00e3o org\u00e2nico e irrepet\u00edvel, proporcionando um equil\u00edbrio harmonioso entre cor, textura e car\u00e1cter. A escolha certa para projetos que valorizam o detalhe, a [&hellip;]<\/p>\n","protected":false},"featured_media":1520,"template":"","meta":{"_acf_changed":false,"inline_featured_image":false},"product_brand":[],"product_cat":[28,44,36],"product_tag":[39],"class_list":{"0":"post-1519","1":"product","2":"type-product","3":"status-publish","4":"has-post-thumbnail","6":"product_cat-calcario","7":"product_cat-calcarios-tons-escuros","8":"product_cat-pedras-naturais","9":"product_tag-calcarios-tons-escuros","11":"first","12":"instock","13":"shipping-taxable","14":"product-type-simple"},"acf":[],"_links":{"self":[{"href":"https:\/\/telmoduarte.slideshow.com.pt\/en\/wp-json\/wp\/v2\/product\/1519","targetHints":{"allow":["GET"]}}],"collection":[{"href":"https:\/\/telmoduarte.slideshow.com.pt\/en\/wp-json\/wp\/v2\/product"}],"about":[{"href":"https:\/\/telmoduarte.slideshow.com.pt\/en\/wp-json\/wp\/v2\/types\/product"}],"wp:featuredmedia":[{"embeddable":true,"href":"https:\/\/telmoduarte.slideshow.com.pt\/en\/wp-json\/wp\/v2\/media\/1520"}],"wp:attachment":[{"href":"https:\/\/telmoduarte.slideshow.com.pt\/en\/wp-json\/wp\/v2\/media?parent=1519"}],"wp:term":[{"taxonomy":"product_brand","embeddable":true,"href":"https:\/\/telmoduarte.slideshow.com.pt\/en\/wp-json\/wp\/v2\/product_brand?post=1519"},{"taxonomy":"product_cat","embeddable":true,"href":"https:\/\/telmoduarte.slideshow.com.pt\/en\/wp-json\/wp\/v2\/product_cat?post=1519"},{"taxonomy":"product_tag","embeddable":true,"href":"https:\/\/telmoduarte.slideshow.com.pt\/en\/wp-json\/wp\/v2\/product_tag?post=1519"}],"curies":[{"name":"wp","href":"https:\/\/api.w.org\/{rel}","templated":true}]}}