{"id":1527,"date":"2025-12-16T12:36:32","date_gmt":"2025-12-16T12:36:32","guid":{"rendered":"https:\/\/telmoduarte.slideshow.com.pt\/?post_type=product&#038;p=1527"},"modified":"2026-03-25T15:27:16","modified_gmt":"2026-03-25T15:27:16","slug":"blue-valverde","status":"publish","type":"product","link":"https:\/\/telmoduarte.slideshow.com.pt\/en\/produtos\/pedras-naturais\/calcario\/calcarios-tons-escuros\/blue-valverde\/","title":{"rendered":"Blue Valverde"},"content":{"rendered":"<p class=\"p1\">Calc\u00e1rio portugu\u00eas origin\u00e1rio da Serra dos Candeeiros. Apresenta-se com uma varia\u00e7\u00e3o de tonalidades entre cinzas e azuis. A n\u00edvel de aplica\u00e7\u00e3o sendo vocacionado o uso em interiores, n\u00e3o \u00e9 descartado quando chamado aos exteriores j\u00e1 que permite uma f\u00e1cil elabora\u00e7\u00e3o de contrastes, enriquecendo assim fachadas de edif\u00edcios.<\/p>","protected":false},"excerpt":{"rendered":"<p>Calc\u00e1rio portugu\u00eas origin\u00e1rio da Serra dos Candeeiros. Apresenta-se com uma varia\u00e7\u00e3o de tonalidades entre cinzas e azuis. A n\u00edvel de aplica\u00e7\u00e3o sendo vocacionado o uso em interiores, n\u00e3o \u00e9 descartado quando chamado aos exteriores j\u00e1 que permite uma f\u00e1cil elabora\u00e7\u00e3o de contrastes, enriquecendo assim fachadas de edif\u00edcios.<\/p>","protected":false},"featured_media":1528,"template":"","meta":{"_acf_changed":false,"inline_featured_image":false},"product_brand":[],"product_cat":[28,44,36],"product_tag":[39],"class_list":{"0":"post-1527","1":"product","2":"type-product","3":"status-publish","4":"has-post-thumbnail","6":"product_cat-calcario","7":"product_cat-calcarios-tons-escuros","8":"product_cat-pedras-naturais","9":"product_tag-calcarios-tons-escuros","11":"first","12":"instock","13":"shipping-taxable","14":"product-type-simple"},"acf":[],"_links":{"self":[{"href":"https:\/\/telmoduarte.slideshow.com.pt\/en\/wp-json\/wp\/v2\/product\/1527","targetHints":{"allow":["GET"]}}],"collection":[{"href":"https:\/\/telmoduarte.slideshow.com.pt\/en\/wp-json\/wp\/v2\/product"}],"about":[{"href":"https:\/\/telmoduarte.slideshow.com.pt\/en\/wp-json\/wp\/v2\/types\/product"}],"wp:featuredmedia":[{"embeddable":true,"href":"https:\/\/telmoduarte.slideshow.com.pt\/en\/wp-json\/wp\/v2\/media\/1528"}],"wp:attachment":[{"href":"https:\/\/telmoduarte.slideshow.com.pt\/en\/wp-json\/wp\/v2\/media?parent=1527"}],"wp:term":[{"taxonomy":"product_brand","embeddable":true,"href":"https:\/\/telmoduarte.slideshow.com.pt\/en\/wp-json\/wp\/v2\/product_brand?post=1527"},{"taxonomy":"product_cat","embeddable":true,"href":"https:\/\/telmoduarte.slideshow.com.pt\/en\/wp-json\/wp\/v2\/product_cat?post=1527"},{"taxonomy":"product_tag","embeddable":true,"href":"https:\/\/telmoduarte.slideshow.com.pt\/en\/wp-json\/wp\/v2\/product_tag?post=1527"}],"curies":[{"name":"wp","href":"https:\/\/api.w.org\/{rel}","templated":true}]}}