{"id":1541,"date":"2025-12-16T13:03:37","date_gmt":"2025-12-16T13:03:37","guid":{"rendered":"https:\/\/telmoduarte.slideshow.com.pt\/?post_type=product&#038;p=1541"},"modified":"2026-03-25T15:27:16","modified_gmt":"2026-03-25T15:27:16","slug":"oasis","status":"publish","type":"product","link":"https:\/\/telmoduarte.slideshow.com.pt\/en\/produtos\/pedras-naturais\/calcario\/calcarios-tons-escuros\/oasis\/","title":{"rendered":"Oasis"},"content":{"rendered":"<p class=\"p1\">A cor varia entre um cinza e um subtom azulado claro. Este calc\u00e1rio apresenta um gr\u00e3o m\u00e9dio\/fino. Considerado um material mais exclusivo \u00e9 tamb\u00e9m uma refer\u00eancia em calc\u00e1rios desta cor. Pode apresentar uma superf\u00edcie serrada a favor (que respeita a morfologia do mesmo, permitindo-nos trabalhos diferenciados a n\u00edvel est\u00e9tico), ou contra (que valoriza os veios do mesmo). Quanto \u00e0 aplica\u00e7\u00e3o destaca-se nos exteriores.<\/p>","protected":false},"excerpt":{"rendered":"<p>A cor varia entre um cinza e um subtom azulado claro. Este calc\u00e1rio apresenta um gr\u00e3o m\u00e9dio\/fino. Considerado um material mais exclusivo \u00e9 tamb\u00e9m uma refer\u00eancia em calc\u00e1rios desta cor. Pode apresentar uma superf\u00edcie serrada a favor (que respeita a morfologia do mesmo, permitindo-nos trabalhos diferenciados a n\u00edvel est\u00e9tico), ou contra (que valoriza os veios [&hellip;]<\/p>\n","protected":false},"featured_media":1542,"template":"","meta":{"_acf_changed":false,"inline_featured_image":false},"product_brand":[],"product_cat":[28,44,36],"product_tag":[39],"class_list":{"0":"post-1541","1":"product","2":"type-product","3":"status-publish","4":"has-post-thumbnail","6":"product_cat-calcario","7":"product_cat-calcarios-tons-escuros","8":"product_cat-pedras-naturais","9":"product_tag-calcarios-tons-escuros","11":"first","12":"instock","13":"shipping-taxable","14":"product-type-simple"},"acf":[],"_links":{"self":[{"href":"https:\/\/telmoduarte.slideshow.com.pt\/en\/wp-json\/wp\/v2\/product\/1541","targetHints":{"allow":["GET"]}}],"collection":[{"href":"https:\/\/telmoduarte.slideshow.com.pt\/en\/wp-json\/wp\/v2\/product"}],"about":[{"href":"https:\/\/telmoduarte.slideshow.com.pt\/en\/wp-json\/wp\/v2\/types\/product"}],"wp:featuredmedia":[{"embeddable":true,"href":"https:\/\/telmoduarte.slideshow.com.pt\/en\/wp-json\/wp\/v2\/media\/1542"}],"wp:attachment":[{"href":"https:\/\/telmoduarte.slideshow.com.pt\/en\/wp-json\/wp\/v2\/media?parent=1541"}],"wp:term":[{"taxonomy":"product_brand","embeddable":true,"href":"https:\/\/telmoduarte.slideshow.com.pt\/en\/wp-json\/wp\/v2\/product_brand?post=1541"},{"taxonomy":"product_cat","embeddable":true,"href":"https:\/\/telmoduarte.slideshow.com.pt\/en\/wp-json\/wp\/v2\/product_cat?post=1541"},{"taxonomy":"product_tag","embeddable":true,"href":"https:\/\/telmoduarte.slideshow.com.pt\/en\/wp-json\/wp\/v2\/product_tag?post=1541"}],"curies":[{"name":"wp","href":"https:\/\/api.w.org\/{rel}","templated":true}]}}