{"id":1548,"date":"2025-12-16T13:10:34","date_gmt":"2025-12-16T13:10:34","guid":{"rendered":"https:\/\/telmoduarte.slideshow.com.pt\/?post_type=product&#038;p=1548"},"modified":"2026-03-25T15:22:17","modified_gmt":"2026-03-25T15:22:17","slug":"ocean-blue","status":"publish","type":"product","link":"https:\/\/telmoduarte.slideshow.com.pt\/en\/produtos\/pedras-naturais\/marmore\/marmores-tons-escuros\/ocean-blue\/","title":{"rendered":"Ocean Blue"},"content":{"rendered":"<p class=\"p1\">Caracteriza-se pela sua alta resili\u00eancia, ideal para aplica\u00e7\u00f5es em ambientes de grande desgaste. Utilizado com frequ\u00eancia em trabalhos de fachadas, pavimentos, revestimentos e decora\u00e7\u00e3o de interiores. Qualifica-se pela sua tonalidade em tons de cinza azulado e nuances brancas. Apto para todos os acabamentos, devido a sua alta resist\u00eancia e \u00e0 sua f\u00e1cil conjuga\u00e7\u00e3o a n\u00edvel paisag\u00edstico.<\/p>","protected":false},"excerpt":{"rendered":"<p>Caracteriza-se pela sua alta resili\u00eancia, ideal para aplica\u00e7\u00f5es em ambientes de grande desgaste. Utilizado com frequ\u00eancia em trabalhos de fachadas, pavimentos, revestimentos e decora\u00e7\u00e3o de interiores. Qualifica-se pela sua tonalidade em tons de cinza azulado e nuances brancas. Apto para todos os acabamentos, devido a sua alta resist\u00eancia e \u00e0 sua f\u00e1cil conjuga\u00e7\u00e3o a n\u00edvel [&hellip;]<\/p>\n","protected":false},"featured_media":1549,"template":"","meta":{"_acf_changed":false,"inline_featured_image":false},"product_brand":[],"product_cat":[29,46,36],"product_tag":[41],"class_list":{"0":"post-1548","1":"product","2":"type-product","3":"status-publish","4":"has-post-thumbnail","6":"product_cat-marmore","7":"product_cat-marmores-tons-escuros","8":"product_cat-pedras-naturais","9":"product_tag-marmores-tons-escuros","11":"first","12":"instock","13":"shipping-taxable","14":"product-type-simple"},"acf":[],"_links":{"self":[{"href":"https:\/\/telmoduarte.slideshow.com.pt\/en\/wp-json\/wp\/v2\/product\/1548","targetHints":{"allow":["GET"]}}],"collection":[{"href":"https:\/\/telmoduarte.slideshow.com.pt\/en\/wp-json\/wp\/v2\/product"}],"about":[{"href":"https:\/\/telmoduarte.slideshow.com.pt\/en\/wp-json\/wp\/v2\/types\/product"}],"wp:featuredmedia":[{"embeddable":true,"href":"https:\/\/telmoduarte.slideshow.com.pt\/en\/wp-json\/wp\/v2\/media\/1549"}],"wp:attachment":[{"href":"https:\/\/telmoduarte.slideshow.com.pt\/en\/wp-json\/wp\/v2\/media?parent=1548"}],"wp:term":[{"taxonomy":"product_brand","embeddable":true,"href":"https:\/\/telmoduarte.slideshow.com.pt\/en\/wp-json\/wp\/v2\/product_brand?post=1548"},{"taxonomy":"product_cat","embeddable":true,"href":"https:\/\/telmoduarte.slideshow.com.pt\/en\/wp-json\/wp\/v2\/product_cat?post=1548"},{"taxonomy":"product_tag","embeddable":true,"href":"https:\/\/telmoduarte.slideshow.com.pt\/en\/wp-json\/wp\/v2\/product_tag?post=1548"}],"curies":[{"name":"wp","href":"https:\/\/api.w.org\/{rel}","templated":true}]}}