{"id":1550,"date":"2025-12-16T14:07:04","date_gmt":"2025-12-16T14:07:04","guid":{"rendered":"https:\/\/telmoduarte.slideshow.com.pt\/?post_type=product&#038;p=1550"},"modified":"2026-03-25T15:27:15","modified_gmt":"2026-03-25T15:27:15","slug":"atlantic-grey","status":"publish","type":"product","link":"https:\/\/telmoduarte.slideshow.com.pt\/en\/produtos\/pedras-naturais\/calcario\/calcarios-tons-escuros\/atlantic-grey\/","title":{"rendered":"Atlantic Grey"},"content":{"rendered":"<p class=\"p1\">O tom dominante \u00e9 um cinza m\u00e9dio-escuro, frio mas suave, com subtons de bege muito discretos que suavizam a frieza natural do cinza. H\u00e1 zonas onde pequenos gr\u00e3os escuros, pontos ou manchas mais saturadas criam contraste \u2014 conferem profundidade e car\u00e1cter. Atlantic Grey transmite eleg\u00e2ncia e sobriedade. N\u00e3o \u00e9 uma pedra chamativa, mas sim de presen\u00e7a: oferece estabilidade visual, eleg\u00e2ncia moderna, ideal para espa\u00e7os que queiram uma base neutra com textura. Em exteriores, o tom cinzento acentua o car\u00e1cter robusto e resistente.<\/p>","protected":false},"excerpt":{"rendered":"<p>O tom dominante \u00e9 um cinza m\u00e9dio-escuro, frio mas suave, com subtons de bege muito discretos que suavizam a frieza natural do cinza. H\u00e1 zonas onde pequenos gr\u00e3os escuros, pontos ou manchas mais saturadas criam contraste \u2014 conferem profundidade e car\u00e1cter. Atlantic Grey transmite eleg\u00e2ncia e sobriedade. N\u00e3o \u00e9 uma pedra chamativa, mas sim de [&hellip;]<\/p>\n","protected":false},"featured_media":1551,"template":"","meta":{"_acf_changed":false,"inline_featured_image":false},"product_brand":[],"product_cat":[28,44,36],"product_tag":[39],"class_list":{"0":"post-1550","1":"product","2":"type-product","3":"status-publish","4":"has-post-thumbnail","6":"product_cat-calcario","7":"product_cat-calcarios-tons-escuros","8":"product_cat-pedras-naturais","9":"product_tag-calcarios-tons-escuros","11":"first","12":"instock","13":"shipping-taxable","14":"product-type-simple"},"acf":[],"_links":{"self":[{"href":"https:\/\/telmoduarte.slideshow.com.pt\/en\/wp-json\/wp\/v2\/product\/1550","targetHints":{"allow":["GET"]}}],"collection":[{"href":"https:\/\/telmoduarte.slideshow.com.pt\/en\/wp-json\/wp\/v2\/product"}],"about":[{"href":"https:\/\/telmoduarte.slideshow.com.pt\/en\/wp-json\/wp\/v2\/types\/product"}],"wp:featuredmedia":[{"embeddable":true,"href":"https:\/\/telmoduarte.slideshow.com.pt\/en\/wp-json\/wp\/v2\/media\/1551"}],"wp:attachment":[{"href":"https:\/\/telmoduarte.slideshow.com.pt\/en\/wp-json\/wp\/v2\/media?parent=1550"}],"wp:term":[{"taxonomy":"product_brand","embeddable":true,"href":"https:\/\/telmoduarte.slideshow.com.pt\/en\/wp-json\/wp\/v2\/product_brand?post=1550"},{"taxonomy":"product_cat","embeddable":true,"href":"https:\/\/telmoduarte.slideshow.com.pt\/en\/wp-json\/wp\/v2\/product_cat?post=1550"},{"taxonomy":"product_tag","embeddable":true,"href":"https:\/\/telmoduarte.slideshow.com.pt\/en\/wp-json\/wp\/v2\/product_tag?post=1550"}],"curies":[{"name":"wp","href":"https:\/\/api.w.org\/{rel}","templated":true}]}}