{"id":1563,"date":"2025-12-16T14:46:53","date_gmt":"2025-12-16T14:46:53","guid":{"rendered":"https:\/\/telmoduarte.slideshow.com.pt\/?post_type=product&#038;p=1563"},"modified":"2026-03-25T15:27:15","modified_gmt":"2026-03-25T15:27:15","slug":"bayadere","status":"publish","type":"product","link":"https:\/\/telmoduarte.slideshow.com.pt\/en\/produtos\/pedras-naturais\/calcario\/calcarios-tons-escuros\/bayadere\/","title":{"rendered":"Bayad\u00e8re"},"content":{"rendered":"<p class=\"p1\">De gr\u00e3o e fundo bastante uniforme, dado a sua simult\u00e2nea mistura de calc\u00e1rio bege e azul, torna o produto mais vers\u00e1til para trabalhos diferenciados. Recomendado para interior e exterior, ganha destaque em acabamentos como o flamejado.<\/p>","protected":false},"excerpt":{"rendered":"<p>De gr\u00e3o e fundo bastante uniforme, dado a sua simult\u00e2nea mistura de calc\u00e1rio bege e azul, torna o produto mais vers\u00e1til para trabalhos diferenciados. Recomendado para interior e exterior, ganha destaque em acabamentos como o flamejado.<\/p>","protected":false},"featured_media":1565,"template":"","meta":{"_acf_changed":false,"inline_featured_image":false},"product_brand":[],"product_cat":[28,44,36],"product_tag":[39],"class_list":{"0":"post-1563","1":"product","2":"type-product","3":"status-publish","4":"has-post-thumbnail","6":"product_cat-calcario","7":"product_cat-calcarios-tons-escuros","8":"product_cat-pedras-naturais","9":"product_tag-calcarios-tons-escuros","11":"first","12":"instock","13":"shipping-taxable","14":"product-type-simple"},"acf":[],"_links":{"self":[{"href":"https:\/\/telmoduarte.slideshow.com.pt\/en\/wp-json\/wp\/v2\/product\/1563","targetHints":{"allow":["GET"]}}],"collection":[{"href":"https:\/\/telmoduarte.slideshow.com.pt\/en\/wp-json\/wp\/v2\/product"}],"about":[{"href":"https:\/\/telmoduarte.slideshow.com.pt\/en\/wp-json\/wp\/v2\/types\/product"}],"wp:featuredmedia":[{"embeddable":true,"href":"https:\/\/telmoduarte.slideshow.com.pt\/en\/wp-json\/wp\/v2\/media\/1565"}],"wp:attachment":[{"href":"https:\/\/telmoduarte.slideshow.com.pt\/en\/wp-json\/wp\/v2\/media?parent=1563"}],"wp:term":[{"taxonomy":"product_brand","embeddable":true,"href":"https:\/\/telmoduarte.slideshow.com.pt\/en\/wp-json\/wp\/v2\/product_brand?post=1563"},{"taxonomy":"product_cat","embeddable":true,"href":"https:\/\/telmoduarte.slideshow.com.pt\/en\/wp-json\/wp\/v2\/product_cat?post=1563"},{"taxonomy":"product_tag","embeddable":true,"href":"https:\/\/telmoduarte.slideshow.com.pt\/en\/wp-json\/wp\/v2\/product_tag?post=1563"}],"curies":[{"name":"wp","href":"https:\/\/api.w.org\/{rel}","templated":true}]}}