{"id":1573,"date":"2025-12-16T15:14:56","date_gmt":"2025-12-16T15:14:56","guid":{"rendered":"https:\/\/telmoduarte.slideshow.com.pt\/?post_type=product&#038;p=1573"},"modified":"2026-03-25T15:27:15","modified_gmt":"2026-03-25T15:27:15","slug":"gascogne-blue","status":"publish","type":"product","link":"https:\/\/telmoduarte.slideshow.com.pt\/en\/produtos\/pedras-naturais\/calcario\/calcarios-tons-escuros\/gascogne-blue\/","title":{"rendered":"Gascogne Blue"},"content":{"rendered":"<p class=\"p1\">Origin\u00e1rio da zona central de Portugal \u00e9 um calc\u00e1rio rico em tons de azul e cinza. De granulometria m\u00e9dia, valoriza quando em acabamentos texturados r\u00fasticos, mostrando assim todas as caracter\u00edsticas que lhe s\u00e3o pr\u00f3prias.<\/p>","protected":false},"excerpt":{"rendered":"<p>Origin\u00e1rio da zona central de Portugal \u00e9 um calc\u00e1rio rico em tons de azul e cinza. De granulometria m\u00e9dia, valoriza quando em acabamentos texturados r\u00fasticos, mostrando assim todas as caracter\u00edsticas que lhe s\u00e3o pr\u00f3prias.<\/p>","protected":false},"featured_media":1574,"template":"","meta":{"_acf_changed":false,"inline_featured_image":false},"product_brand":[],"product_cat":[28,44,36],"product_tag":[39],"class_list":{"0":"post-1573","1":"product","2":"type-product","3":"status-publish","4":"has-post-thumbnail","6":"product_cat-calcario","7":"product_cat-calcarios-tons-escuros","8":"product_cat-pedras-naturais","9":"product_tag-calcarios-tons-escuros","11":"first","12":"instock","13":"shipping-taxable","14":"product-type-simple"},"acf":[],"_links":{"self":[{"href":"https:\/\/telmoduarte.slideshow.com.pt\/en\/wp-json\/wp\/v2\/product\/1573","targetHints":{"allow":["GET"]}}],"collection":[{"href":"https:\/\/telmoduarte.slideshow.com.pt\/en\/wp-json\/wp\/v2\/product"}],"about":[{"href":"https:\/\/telmoduarte.slideshow.com.pt\/en\/wp-json\/wp\/v2\/types\/product"}],"wp:featuredmedia":[{"embeddable":true,"href":"https:\/\/telmoduarte.slideshow.com.pt\/en\/wp-json\/wp\/v2\/media\/1574"}],"wp:attachment":[{"href":"https:\/\/telmoduarte.slideshow.com.pt\/en\/wp-json\/wp\/v2\/media?parent=1573"}],"wp:term":[{"taxonomy":"product_brand","embeddable":true,"href":"https:\/\/telmoduarte.slideshow.com.pt\/en\/wp-json\/wp\/v2\/product_brand?post=1573"},{"taxonomy":"product_cat","embeddable":true,"href":"https:\/\/telmoduarte.slideshow.com.pt\/en\/wp-json\/wp\/v2\/product_cat?post=1573"},{"taxonomy":"product_tag","embeddable":true,"href":"https:\/\/telmoduarte.slideshow.com.pt\/en\/wp-json\/wp\/v2\/product_tag?post=1573"}],"curies":[{"name":"wp","href":"https:\/\/api.w.org\/{rel}","templated":true}]}}